{"id":101,"date":"2012-09-23T08:15:07","date_gmt":"2012-09-23T08:15:07","guid":{"rendered":"http:\/\/carneval-club-boeckels.de\/?page_id=101"},"modified":"2024-02-08T07:58:21","modified_gmt":"2024-02-08T07:58:21","slug":"verein-2","status":"publish","type":"page","link":"https:\/\/carneval-club-boeckels.de\/index.php\/verein-2\/","title":{"rendered":"Verein"},"content":{"rendered":"<h1><span style=\"font-size: 18pt; font-family: 'Comic Sans MS', sans-serif; color: #ff0000;\">An dieser Stellen <strong>m\u00f6chten<\/strong> wir uns kurz vorstellen:<\/span><\/h1>\r\n<p><strong><span style=\"font-size: 12pt; font-family: 'Comic Sans MS', sans-serif;\">Der Carneval Club B\u00f6ckels, genannt CCB,&nbsp; wurde im Jahr 2001 aus einer Bierlaune heraus, von 10 Personen ins Leben gerufen und am 21.09.2004 beim Amtsgericht Fulda in das Vereinsregister eingetragen. <\/span><\/strong><\/p>\r\n<p><strong><span style=\"font-family: 'Comic Sans MS', sans-serif; font-size: 12pt;\">Der Prinzenmannschaft stehen neben dem Elferrat, den CCB M\u00e4dels, der Prinzengarde, der Tanzgarde, den Dancing Diamonds, den Xtreme-Dancers, den Fire Dancers und der M\u00e4nnertanzgarde &#8222;B\u00f6ckelser Plattf\u00f6ss&#8220; noch viele flei\u00dfige Helfer zur Verf\u00fcgung.<\/span><\/strong><\/p>\r\n<p><a href=\"https:\/\/carneval-club-boeckels.de\/wp-content\/uploads\/2024\/02\/WhatsApp-Bild-2024-02-05-um-17.47.08_becec8da.jpg\"><img loading=\"lazy\" decoding=\"async\" class=\"alignnone size-full wp-image-4749\" src=\"https:\/\/carneval-club-boeckels.de\/wp-content\/uploads\/2024\/02\/WhatsApp-Bild-2024-02-05-um-17.47.08_becec8da.jpg\" alt=\"\" width=\"2048\" height=\"1356\" srcset=\"https:\/\/carneval-club-boeckels.de\/wp-content\/uploads\/2024\/02\/WhatsApp-Bild-2024-02-05-um-17.47.08_becec8da.jpg 2048w, https:\/\/carneval-club-boeckels.de\/wp-content\/uploads\/2024\/02\/WhatsApp-Bild-2024-02-05-um-17.47.08_becec8da-300x199.jpg 300w, https:\/\/carneval-club-boeckels.de\/wp-content\/uploads\/2024\/02\/WhatsApp-Bild-2024-02-05-um-17.47.08_becec8da-1024x678.jpg 1024w, https:\/\/carneval-club-boeckels.de\/wp-content\/uploads\/2024\/02\/WhatsApp-Bild-2024-02-05-um-17.47.08_becec8da-768x509.jpg 768w, https:\/\/carneval-club-boeckels.de\/wp-content\/uploads\/2024\/02\/WhatsApp-Bild-2024-02-05-um-17.47.08_becec8da-1536x1017.jpg 1536w\" sizes=\"auto, (max-width: 2048px) 100vw, 2048px\" \/><\/a><\/p>\r\n<p style=\"text-align: center;\">&nbsp;<\/p>\r\n<p>&nbsp;<\/p>\r\n<p>&nbsp;<\/p>\r\n<p>&nbsp;<\/p>\r\n<p>&nbsp;<\/p>\r\n\r\n<p>&nbsp;<\/p>\r\n","protected":false},"excerpt":{"rendered":"<p>An dieser Stellen m\u00f6chten wir uns kurz vorstellen: Der Carneval Club B\u00f6ckels, genannt CCB,&nbsp; wurde im Jahr 2001 aus einer Bierlaune heraus, von 10 Personen ins Leben gerufen und am 21.09.2004 beim Amtsgericht Fulda in<\/p>\n","protected":false},"author":666667,"featured_media":0,"parent":0,"menu_order":0,"comment_status":"closed","ping_status":"closed","template":"","meta":{"ngg_post_thumbnail":0,"footnotes":""},"class_list":["post-101","page","type-page","status-publish","hentry"],"_links":{"self":[{"href":"https:\/\/carneval-club-boeckels.de\/index.php\/wp-json\/wp\/v2\/pages\/101","targetHints":{"allow":["GET"]}}],"collection":[{"href":"https:\/\/carneval-club-boeckels.de\/index.php\/wp-json\/wp\/v2\/pages"}],"about":[{"href":"https:\/\/carneval-club-boeckels.de\/index.php\/wp-json\/wp\/v2\/types\/page"}],"author":[{"embeddable":true,"href":"https:\/\/carneval-club-boeckels.de\/index.php\/wp-json\/wp\/v2\/users\/666667"}],"replies":[{"embeddable":true,"href":"https:\/\/carneval-club-boeckels.de\/index.php\/wp-json\/wp\/v2\/comments?post=101"}],"version-history":[{"count":0,"href":"https:\/\/carneval-club-boeckels.de\/index.php\/wp-json\/wp\/v2\/pages\/101\/revisions"}],"wp:attachment":[{"href":"https:\/\/carneval-club-boeckels.de\/index.php\/wp-json\/wp\/v2\/media?parent=101"}],"curies":[{"name":"wp","href":"https:\/\/api.w.org\/{rel}","templated":true}]}}